{"id":4046,"date":"2024-02-26T13:25:28","date_gmt":"2024-02-26T13:25:28","guid":{"rendered":"https:\/\/www.advance-foodwaste.eu\/?page_id=4046"},"modified":"2024-03-22T01:15:28","modified_gmt":"2024-03-22T01:15:28","slug":"roadmap-for-horeca-4","status":"publish","type":"page","link":"https:\/\/www.advance-foodwaste.eu\/index.php\/hr\/roadmap-for-horeca-4\/","title":{"rendered":"Roadmap for Horeca"},"content":{"rendered":"\t\t<div data-elementor-type=\"wp-page\" data-elementor-id=\"4046\" class=\"elementor elementor-4046\">\n\t\t\t\t\t\t<section class=\"elementor-section elementor-top-section elementor-element elementor-element-fdc6d92 elementor-section-boxed elementor-section-height-default elementor-section-height-default wpr-particle-no wpr-jarallax-no wpr-parallax-no wpr-sticky-section-no wpr-equal-height-no\" data-id=\"fdc6d92\" data-element_type=\"section\" data-e-type=\"section\">\n\t\t\t\t\t\t<div class=\"elementor-container elementor-column-gap-default\">\n\t\t\t\t\t<div class=\"elementor-column elementor-col-100 elementor-top-column elementor-element elementor-element-96e3248\" data-id=\"96e3248\" data-element_type=\"column\" data-e-type=\"column\">\n\t\t\t<div class=\"elementor-widget-wrap elementor-element-populated\">\n\t\t\t\t\t\t<div class=\"elementor-element elementor-element-454c70e elementor-widget elementor-widget-html\" data-id=\"454c70e\" data-element_type=\"widget\" data-e-type=\"widget\" data-widget_type=\"html.default\">\n\t\t\t\t<div class=\"elementor-widget-container\">\n\t\t\t\t\t<iframe src=\"https:\/\/prezi.com\/p\/embed\/WWKwv2eZaJyIci48P3Kv\/\" id=\"iframe_container\" frameborder=\"0\" webkitallowfullscreen=\"\" mozallowfullscreen=\"\" allowfullscreen=\"\" allow=\"autoplay; fullscreen\" height=\"520\" width=\"620\"><\/iframe>\t\t\t\t<\/div>\n\t\t\t\t<\/div>\n\t\t\t\t<section class=\"elementor-section elementor-inner-section elementor-element elementor-element-79c874c elementor-section-boxed elementor-section-height-default elementor-section-height-default wpr-particle-no wpr-jarallax-no wpr-parallax-no wpr-sticky-section-no wpr-equal-height-no\" data-id=\"79c874c\" data-element_type=\"section\" data-e-type=\"section\" data-settings=\"{&quot;background_background&quot;:&quot;classic&quot;}\">\n\t\t\t\t\t\t<div class=\"elementor-container elementor-column-gap-default\">\n\t\t\t\t\t<div class=\"elementor-column elementor-col-100 elementor-inner-column elementor-element elementor-element-f6af237\" data-id=\"f6af237\" data-element_type=\"column\" data-e-type=\"column\">\n\t\t\t<div class=\"elementor-widget-wrap elementor-element-populated\">\n\t\t\t\t\t\t<div class=\"elementor-element elementor-element-0fb3890 elementor-icon-list--layout-traditional elementor-list-item-link-full_width elementor-widget elementor-widget-icon-list\" data-id=\"0fb3890\" data-element_type=\"widget\" data-e-type=\"widget\" data-widget_type=\"icon-list.default\">\n\t\t\t\t<div class=\"elementor-widget-container\">\n\t\t\t\t\t\t\t<ul class=\"elementor-icon-list-items\">\n\t\t\t\t\t\t\t<li class=\"elementor-icon-list-item\">\n\t\t\t\t\t\t\t\t\t\t\t<span class=\"elementor-icon-list-icon\">\n\t\t\t\t\t\t\t<i aria-hidden=\"true\" class=\"fas fa-question-circle\"><\/i>\t\t\t\t\t\t<\/span>\n\t\t\t\t\t\t\t\t\t\t<span class=\"elementor-icon-list-text\">Upute za kretanje po vodi\u010du<\/span>\n\t\t\t\t\t\t\t\t\t<\/li>\n\t\t\t\t\t\t<\/ul>\n\t\t\t\t\t\t<\/div>\n\t\t\t\t<\/div>\n\t\t\t\t<div class=\"elementor-element elementor-element-8209eaf elementor-widget elementor-widget-text-editor\" data-id=\"8209eaf\" data-element_type=\"widget\" data-e-type=\"widget\" data-widget_type=\"text-editor.default\">\n\t\t\t\t<div class=\"elementor-widget-container\">\n\t\t\t\t\t\t\t\t\t<ul class=\"ak-ul\" data-pm-slice=\"3 3 []\"><li><p>Kliknite gumb &#8220;Present&#8221; u sredini ekrana. Va\u0161 prozor \u0107e se promijeniti u prezentacijski na\u010din rada.<\/p><\/li><li><p>Koristite strelice na dnu prezentacije kako biste se kretali po vodi\u010du. Mo\u017eete koristiti i lijevu i desnu strelicu na tipkovnici. Tako\u0111er, mo\u017eete se slobodno kretati po prezentaciji na na\u010din da kliknete direktno na odre\u0111enu temu.<\/p><\/li><li><p>Mo\u017eete u\u0107i ili iza\u0107i iz cijelog zaslona klikom na ikonu u donjem desnom uglu prozora.<\/p><\/li><li><p>Za pove\u0107avanje i smanjivanje (zoomiranje) mo\u017eete koristiti kota\u010di\u0107 mi\u0161a ili touchpad. Odre\u0111enu temu mo\u017eete otvoriti i na na\u010din da zoomirate na nju, a zumiraju\u0107i od nje mo\u017eete se vratiti na pregled tema. Na taj na\u010din, omogu\u0107uje se kretanje vodi\u010dem tek pokretom prsta.<\/p><\/li><\/ul>\t\t\t\t\t\t\t\t<\/div>\n\t\t\t\t<\/div>\n\t\t\t\t\t<\/div>\n\t\t<\/div>\n\t\t\t\t\t<\/div>\n\t\t<\/section>\n\t\t\t\t\t<\/div>\n\t\t<\/div>\n\t\t\t\t\t<\/div>\n\t\t<\/section>\n\t\t\t\t<\/div>\n\t\t","protected":false},"excerpt":{"rendered":"<p>Upute za kretanje po vodi\u010du Kliknite gumb &#8220;Present&#8221; u sredini ekrana. Va\u0161 prozor \u0107e se promijeniti u prezentacijski na\u010din rada. Koristite strelice na dnu prezentacije kako biste se kretali po vodi\u010du. Mo\u017eete koristiti i lijevu i desnu strelicu na tipkovnici. Tako\u0111er, mo\u017eete se slobodno kretati po prezentaciji na na\u010din da kliknete direktno na odre\u0111enu temu. Mo\u017eete u\u0107i ili iza\u0107i iz cijelog zaslona klikom na ikonu u donjem desnom uglu prozora. Za pove\u0107avanje i smanjivanje (zoomiranje) mo\u017eete koristiti kota\u010di\u0107 mi\u0161a ili touchpad. Odre\u0111enu temu mo\u017eete otvoriti i na na\u010din da zoomirate na nju, a zumiraju\u0107i od nje mo\u017eete se vratiti na pregled tema. Na taj na\u010din, omogu\u0107uje se kretanje vodi\u010dem tek pokretom prsta.<\/p>\n","protected":false},"author":4,"featured_media":0,"parent":0,"menu_order":0,"comment_status":"closed","ping_status":"closed","template":"","meta":{"om_disable_all_campaigns":false,"_exactmetrics_skip_tracking":false,"_exactmetrics_sitenote_active":false,"_exactmetrics_sitenote_note":"","_exactmetrics_sitenote_category":0,"site-sidebar-layout":"no-sidebar","site-content-layout":"page-builder","ast-site-content-layout":"full-width-container","site-content-style":"default","site-sidebar-style":"default","ast-global-header-display":"","ast-banner-title-visibility":"","ast-main-header-display":"","ast-hfb-above-header-display":"","ast-hfb-below-header-display":"","ast-hfb-mobile-header-display":"","site-post-title":"disabled","ast-breadcrumbs-content":"","ast-featured-img":"disabled","footer-sml-layout":"","ast-disable-related-posts":"","theme-transparent-header-meta":"default","adv-header-id-meta":"","stick-header-meta":"","header-above-stick-meta":"","header-main-stick-meta":"","header-below-stick-meta":"","astra-migrate-meta-layouts":"set","ast-page-background-enabled":"default","ast-page-background-meta":{"desktop":{"background-color":"var(--ast-global-color-4)","background-image":"","background-repeat":"repeat","background-position":"center center","background-size":"auto","background-attachment":"scroll","background-type":"","background-media":"","overlay-type":"","overlay-color":"","overlay-opacity":"","overlay-gradient":""},"tablet":{"background-color":"","background-image":"","background-repeat":"repeat","background-position":"center center","background-size":"auto","background-attachment":"scroll","background-type":"","background-media":"","overlay-type":"","overlay-color":"","overlay-opacity":"","overlay-gradient":""},"mobile":{"background-color":"","background-image":"","background-repeat":"repeat","background-position":"center center","background-size":"auto","background-attachment":"scroll","background-type":"","background-media":"","overlay-type":"","overlay-color":"","overlay-opacity":"","overlay-gradient":""}},"ast-content-background-meta":{"desktop":{"background-color":"var(--ast-global-color-5)","background-image":"","background-repeat":"repeat","background-position":"center center","background-size":"auto","background-attachment":"scroll","background-type":"","background-media":"","overlay-type":"","overlay-color":"","overlay-opacity":"","overlay-gradient":""},"tablet":{"background-color":"var(--ast-global-color-5)","background-image":"","background-repeat":"repeat","background-position":"center center","background-size":"auto","background-attachment":"scroll","background-type":"","background-media":"","overlay-type":"","overlay-color":"","overlay-opacity":"","overlay-gradient":""},"mobile":{"background-color":"var(--ast-global-color-5)","background-image":"","background-repeat":"repeat","background-position":"center center","background-size":"auto","background-attachment":"scroll","background-type":"","background-media":"","overlay-type":"","overlay-color":"","overlay-opacity":"","overlay-gradient":""}},"footnotes":""},"class_list":["post-4046","page","type-page","status-publish","hentry"],"aioseo_notices":[],"yoast_head":"<!-- This site is optimized with the Yoast SEO plugin v27.4 - https:\/\/yoast.com\/product\/yoast-seo-wordpress\/ -->\n<title>Roadmap for Horeca - ADVANCE<\/title>\n<meta name=\"robots\" content=\"index, follow, max-snippet:-1, max-image-preview:large, max-video-preview:-1\" \/>\n<link rel=\"canonical\" href=\"https:\/\/www.advance-foodwaste.eu\/index.php\/hr\/roadmap-for-horeca-4\/\" \/>\n<meta property=\"og:locale\" content=\"el_GR\" \/>\n<meta property=\"og:type\" content=\"article\" \/>\n<meta property=\"og:title\" content=\"Roadmap for Horeca - ADVANCE\" \/>\n<meta property=\"og:description\" content=\"Upute za kretanje po vodi\u010du Kliknite gumb &#8220;Present&#8221; u sredini ekrana. Va\u0161 prozor \u0107e se promijeniti u prezentacijski na\u010din rada. Koristite strelice na dnu prezentacije kako biste se kretali po vodi\u010du. Mo\u017eete koristiti i lijevu i desnu strelicu na tipkovnici. Tako\u0111er, mo\u017eete se slobodno kretati po prezentaciji na na\u010din da kliknete direktno na odre\u0111enu temu. Mo\u017eete u\u0107i ili iza\u0107i iz cijelog zaslona klikom na ikonu u donjem desnom uglu prozora. Za pove\u0107avanje i smanjivanje (zoomiranje) mo\u017eete koristiti kota\u010di\u0107 mi\u0161a ili touchpad. Odre\u0111enu temu mo\u017eete otvoriti i na na\u010din da zoomirate na nju, a zumiraju\u0107i od nje mo\u017eete se vratiti na pregled tema. Na taj na\u010din, omogu\u0107uje se kretanje vodi\u010dem tek pokretom prsta.\" \/>\n<meta property=\"og:url\" content=\"https:\/\/www.advance-foodwaste.eu\/index.php\/hr\/roadmap-for-horeca-4\/\" \/>\n<meta property=\"og:site_name\" content=\"ADVANCE\" \/>\n<meta property=\"article:modified_time\" content=\"2024-03-22T01:15:28+00:00\" \/>\n<meta name=\"twitter:card\" content=\"summary_large_image\" \/>\n<meta name=\"twitter:label1\" content=\"\u0395\u03ba\u03c4\u03b9\u03bc\u03ce\u03bc\u03b5\u03bd\u03bf\u03c2 \u03c7\u03c1\u03cc\u03bd\u03bf\u03c2 \u03b1\u03bd\u03ac\u03b3\u03bd\u03c9\u03c3\u03b7\u03c2\" \/>\n\t<meta name=\"twitter:data1\" content=\"1 \u03bb\u03b5\u03c0\u03c4\u03cc\" \/>\n<script type=\"application\/ld+json\" class=\"yoast-schema-graph\">{\"@context\":\"https:\\\/\\\/schema.org\",\"@graph\":[{\"@type\":\"WebPage\",\"@id\":\"https:\\\/\\\/www.advance-foodwaste.eu\\\/index.php\\\/hr\\\/roadmap-for-horeca-4\\\/\",\"url\":\"https:\\\/\\\/www.advance-foodwaste.eu\\\/index.php\\\/hr\\\/roadmap-for-horeca-4\\\/\",\"name\":\"Roadmap for Horeca - ADVANCE\",\"isPartOf\":{\"@id\":\"https:\\\/\\\/www.advance-foodwaste.eu\\\/#website\"},\"datePublished\":\"2024-02-26T13:25:28+00:00\",\"dateModified\":\"2024-03-22T01:15:28+00:00\",\"breadcrumb\":{\"@id\":\"https:\\\/\\\/www.advance-foodwaste.eu\\\/index.php\\\/hr\\\/roadmap-for-horeca-4\\\/#breadcrumb\"},\"inLanguage\":\"el\",\"potentialAction\":[{\"@type\":\"ReadAction\",\"target\":[\"https:\\\/\\\/www.advance-foodwaste.eu\\\/index.php\\\/hr\\\/roadmap-for-horeca-4\\\/\"]}]},{\"@type\":\"BreadcrumbList\",\"@id\":\"https:\\\/\\\/www.advance-foodwaste.eu\\\/index.php\\\/hr\\\/roadmap-for-horeca-4\\\/#breadcrumb\",\"itemListElement\":[{\"@type\":\"ListItem\",\"position\":1,\"name\":\"Home\",\"item\":\"https:\\\/\\\/www.advance-foodwaste.eu\\\/\"},{\"@type\":\"ListItem\",\"position\":2,\"name\":\"Roadmap for Horeca\"}]},{\"@type\":\"WebSite\",\"@id\":\"https:\\\/\\\/www.advance-foodwaste.eu\\\/#website\",\"url\":\"https:\\\/\\\/www.advance-foodwaste.eu\\\/\",\"name\":\"ADVANCE\",\"description\":\"\",\"publisher\":{\"@id\":\"https:\\\/\\\/www.advance-foodwaste.eu\\\/#organization\"},\"potentialAction\":[{\"@type\":\"SearchAction\",\"target\":{\"@type\":\"EntryPoint\",\"urlTemplate\":\"https:\\\/\\\/www.advance-foodwaste.eu\\\/?s={search_term_string}\"},\"query-input\":{\"@type\":\"PropertyValueSpecification\",\"valueRequired\":true,\"valueName\":\"search_term_string\"}}],\"inLanguage\":\"el\"},{\"@type\":\"Organization\",\"@id\":\"https:\\\/\\\/www.advance-foodwaste.eu\\\/#organization\",\"name\":\"ADVANCE\",\"url\":\"https:\\\/\\\/www.advance-foodwaste.eu\\\/\",\"logo\":{\"@type\":\"ImageObject\",\"inLanguage\":\"el\",\"@id\":\"https:\\\/\\\/www.advance-foodwaste.eu\\\/#\\\/schema\\\/logo\\\/image\\\/\",\"url\":\"https:\\\/\\\/www.advance-foodwaste.eu\\\/wp-content\\\/uploads\\\/2022\\\/07\\\/cropped-Logo-Transparency.png\",\"contentUrl\":\"https:\\\/\\\/www.advance-foodwaste.eu\\\/wp-content\\\/uploads\\\/2022\\\/07\\\/cropped-Logo-Transparency.png\",\"width\":2100,\"height\":775,\"caption\":\"ADVANCE\"},\"image\":{\"@id\":\"https:\\\/\\\/www.advance-foodwaste.eu\\\/#\\\/schema\\\/logo\\\/image\\\/\"}}]}<\/script>\n<!-- \/ Yoast SEO plugin. -->","yoast_head_json":{"title":"Roadmap for Horeca - ADVANCE","robots":{"index":"index","follow":"follow","max-snippet":"max-snippet:-1","max-image-preview":"max-image-preview:large","max-video-preview":"max-video-preview:-1"},"canonical":"https:\/\/www.advance-foodwaste.eu\/index.php\/hr\/roadmap-for-horeca-4\/","og_locale":"el_GR","og_type":"article","og_title":"Roadmap for Horeca - ADVANCE","og_description":"Upute za kretanje po vodi\u010du Kliknite gumb &#8220;Present&#8221; u sredini ekrana. Va\u0161 prozor \u0107e se promijeniti u prezentacijski na\u010din rada. Koristite strelice na dnu prezentacije kako biste se kretali po vodi\u010du. Mo\u017eete koristiti i lijevu i desnu strelicu na tipkovnici. Tako\u0111er, mo\u017eete se slobodno kretati po prezentaciji na na\u010din da kliknete direktno na odre\u0111enu temu. Mo\u017eete u\u0107i ili iza\u0107i iz cijelog zaslona klikom na ikonu u donjem desnom uglu prozora. Za pove\u0107avanje i smanjivanje (zoomiranje) mo\u017eete koristiti kota\u010di\u0107 mi\u0161a ili touchpad. Odre\u0111enu temu mo\u017eete otvoriti i na na\u010din da zoomirate na nju, a zumiraju\u0107i od nje mo\u017eete se vratiti na pregled tema. Na taj na\u010din, omogu\u0107uje se kretanje vodi\u010dem tek pokretom prsta.","og_url":"https:\/\/www.advance-foodwaste.eu\/index.php\/hr\/roadmap-for-horeca-4\/","og_site_name":"ADVANCE","article_modified_time":"2024-03-22T01:15:28+00:00","twitter_card":"summary_large_image","twitter_misc":{"\u0395\u03ba\u03c4\u03b9\u03bc\u03ce\u03bc\u03b5\u03bd\u03bf\u03c2 \u03c7\u03c1\u03cc\u03bd\u03bf\u03c2 \u03b1\u03bd\u03ac\u03b3\u03bd\u03c9\u03c3\u03b7\u03c2":"1 \u03bb\u03b5\u03c0\u03c4\u03cc"},"schema":{"@context":"https:\/\/schema.org","@graph":[{"@type":"WebPage","@id":"https:\/\/www.advance-foodwaste.eu\/index.php\/hr\/roadmap-for-horeca-4\/","url":"https:\/\/www.advance-foodwaste.eu\/index.php\/hr\/roadmap-for-horeca-4\/","name":"Roadmap for Horeca - ADVANCE","isPartOf":{"@id":"https:\/\/www.advance-foodwaste.eu\/#website"},"datePublished":"2024-02-26T13:25:28+00:00","dateModified":"2024-03-22T01:15:28+00:00","breadcrumb":{"@id":"https:\/\/www.advance-foodwaste.eu\/index.php\/hr\/roadmap-for-horeca-4\/#breadcrumb"},"inLanguage":"el","potentialAction":[{"@type":"ReadAction","target":["https:\/\/www.advance-foodwaste.eu\/index.php\/hr\/roadmap-for-horeca-4\/"]}]},{"@type":"BreadcrumbList","@id":"https:\/\/www.advance-foodwaste.eu\/index.php\/hr\/roadmap-for-horeca-4\/#breadcrumb","itemListElement":[{"@type":"ListItem","position":1,"name":"Home","item":"https:\/\/www.advance-foodwaste.eu\/"},{"@type":"ListItem","position":2,"name":"Roadmap for Horeca"}]},{"@type":"WebSite","@id":"https:\/\/www.advance-foodwaste.eu\/#website","url":"https:\/\/www.advance-foodwaste.eu\/","name":"ADVANCE","description":"","publisher":{"@id":"https:\/\/www.advance-foodwaste.eu\/#organization"},"potentialAction":[{"@type":"SearchAction","target":{"@type":"EntryPoint","urlTemplate":"https:\/\/www.advance-foodwaste.eu\/?s={search_term_string}"},"query-input":{"@type":"PropertyValueSpecification","valueRequired":true,"valueName":"search_term_string"}}],"inLanguage":"el"},{"@type":"Organization","@id":"https:\/\/www.advance-foodwaste.eu\/#organization","name":"ADVANCE","url":"https:\/\/www.advance-foodwaste.eu\/","logo":{"@type":"ImageObject","inLanguage":"el","@id":"https:\/\/www.advance-foodwaste.eu\/#\/schema\/logo\/image\/","url":"https:\/\/www.advance-foodwaste.eu\/wp-content\/uploads\/2022\/07\/cropped-Logo-Transparency.png","contentUrl":"https:\/\/www.advance-foodwaste.eu\/wp-content\/uploads\/2022\/07\/cropped-Logo-Transparency.png","width":2100,"height":775,"caption":"ADVANCE"},"image":{"@id":"https:\/\/www.advance-foodwaste.eu\/#\/schema\/logo\/image\/"}}]}},"_links":{"self":[{"href":"https:\/\/www.advance-foodwaste.eu\/index.php\/wp-json\/wp\/v2\/pages\/4046","targetHints":{"allow":["GET"]}}],"collection":[{"href":"https:\/\/www.advance-foodwaste.eu\/index.php\/wp-json\/wp\/v2\/pages"}],"about":[{"href":"https:\/\/www.advance-foodwaste.eu\/index.php\/wp-json\/wp\/v2\/types\/page"}],"author":[{"embeddable":true,"href":"https:\/\/www.advance-foodwaste.eu\/index.php\/wp-json\/wp\/v2\/users\/4"}],"replies":[{"embeddable":true,"href":"https:\/\/www.advance-foodwaste.eu\/index.php\/wp-json\/wp\/v2\/comments?post=4046"}],"version-history":[{"count":10,"href":"https:\/\/www.advance-foodwaste.eu\/index.php\/wp-json\/wp\/v2\/pages\/4046\/revisions"}],"predecessor-version":[{"id":6054,"href":"https:\/\/www.advance-foodwaste.eu\/index.php\/wp-json\/wp\/v2\/pages\/4046\/revisions\/6054"}],"wp:attachment":[{"href":"https:\/\/www.advance-foodwaste.eu\/index.php\/wp-json\/wp\/v2\/media?parent=4046"}],"curies":[{"name":"wp","href":"https:\/\/api.w.org\/{rel}","templated":true}]}}